{"id":240,"date":"2018-05-01T20:55:22","date_gmt":"2018-05-01T18:55:22","guid":{"rendered":"http:\/\/www.geschiedenismelderslo.nl\/wordpress\/?page_id=240"},"modified":"2018-05-01T20:57:21","modified_gmt":"2018-05-01T18:57:21","slug":"2018-04-wist-u-dat-naam-denenweg-afkomstig-is-uit-hegelsom","status":"publish","type":"page","link":"https:\/\/www.geschiedenismelderslo.nl\/wordpress\/nieuwsbrief\/2018-2\/2018-04-wist-u-dat-naam-denenweg-afkomstig-is-uit-hegelsom\/","title":{"rendered":"2018-04. Wist u dat &#8230; naam Denenweg afkomstig is uit Hegelsom?"},"content":{"rendered":"<h2>Namen<\/h2>\n<p>Het was vroeger algemeen bekend dat bijnamen van dorpsbewoners dikwijls afkomstig waren van hun vroegere woonplaats of van het pand of boerderij van de vroegere bewoners.<\/p>\n<p>Een bewoner afkomstig uit Oirlo werd den Oelderse\u00a0 genoemd, een bewoner uit het westen van het land kreeg de naam \u201cDen Hollender\u2019, het taalgebruik, van deze bewoners, wel of geen dialect, hield de bijnaam in stand.<\/p>\n<p>Zo was ook de naam van boerderij Den Dani\u00ebl bekend, hierop woonde al jaren de familie Cox, maar de boerderij hield de naam Den Dani\u00ebl naar de vroegere bewoner Dani\u00ebls. Diverse voorbeelden zijn er zo nog te vinden van oude benamingen.<\/p>\n<h2>Boerderij Deenen in Horst<\/h2>\n<p>Boerderij Deenen lag eind 19<sup>de<\/sup> eeuw in een buurtschap van het later ontstane dorp Hegelsom. In november 1894 verscheen een bericht in de krant:<\/p>\n<p><em>Openbare verkoop boerderij Deenen door Notaris Haffmans, huis met stal, schuur, boomgaard, tuin, bouwland, dennenbos en weiland gelegen Kadaster Sectie C de nummers 643 tot en met nummer 1635 tezamen groot 7 hectaren 2 aren en 15 centiaren <\/em><\/p>\n<p>Deze boerderij had al de naam van vroegere bewoners, Deenen, het was de in de volksmond algemene bekende Deenenplaats. De tijdelijke bewoners de familie Lenssen te Baerts werden al Deenen genoemd. De boerderij lag aan de weg, thans genoemde St. Jorisweg, vlak bij de afslag Niesweg.<\/p>\n<p>De boerderij is rond 1935 afgebroken, de boomgaard, hoogstambomen, hebben er nog jaren gestaan. De verkopers hadden weinig interesse daar te gaan wonen, het huis, lag in een kuil, bij zware regenbuien liep de deel van de schuur soms onder water. Op de deel moest opbrengst gehaald worden, door te dorsen en schoven te maken van roggestro voor de handel.<\/p>\n<p>De verkoop vond plaats door Notaris Haffmans uit Helden, in opdracht van Peter Lenssen, Jacob van Megen en Jacobus Linssen.<\/p>\n<p>Lambert Sanders landbouwer in Horst kocht de boerderij met de grond en bijgebouwen, Jacob Linders kocht een perceel dennenbos dat apart verkocht werd.<\/p>\n<p>De boerderij kon aanvaard worden den eersten mei aanstaande, dus 1 mei 1895.<\/p>\n<h2>Die van Deenenplaats kopen boerderij in Melderslo<\/h2>\n<p>De familie Lenssen te Baerts had intussen een kleinere boerderij gekocht aan het Melders Veld gelegen, tussen Grubbenvorst en het huidige dorp Melderslo.<\/p>\n<p>Iedereen wist al dat zijn die van Deenenplaats, dus het lag voor de hand dat zij Deenen werden genoemd.<\/p>\n<p>De zandweg door het Melders veld vanaf de boerderij naar de huidige Vlasvenstraat werd ook wel Denenweg genoemd, dit was een karspoor met slecht fietspaadje door het open veld, maar later heeft de gemeente Horst\u00a0 de naam <em>Denenweg <\/em>gekozen voor de weg tussen de Boomsweg en de Lottumseweg, waaraan de boerderij lag.<\/p>\n<p>Ook met behoud van deze naam werd een oud gebruik of gewoonte in stand gehouden.<\/p>\n","protected":false},"excerpt":{"rendered":"<p>Namen Het was vroeger algemeen bekend dat bijnamen van dorpsbewoners dikwijls afkomstig waren van hun vroegere woonplaats of van het pand of boerderij van de vroegere bewoners. Een bewoner afkomstig uit Oirlo werd den Oelderse\u00a0 genoemd, een bewoner uit het westen van het land kreeg de naam \u201cDen Hollender\u2019, het taalgebruik, van deze bewoners, wel &hellip; <a href=\"https:\/\/www.geschiedenismelderslo.nl\/wordpress\/nieuwsbrief\/2018-2\/2018-04-wist-u-dat-naam-denenweg-afkomstig-is-uit-hegelsom\/\" class=\"more-link\">Lees verder <span class=\"screen-reader-text\">2018-04. Wist u dat &#8230; naam Denenweg afkomstig is uit Hegelsom?<\/span> <span class=\"meta-nav\">&rarr;<\/span><\/a><\/p>\n","protected":false},"author":2,"featured_media":0,"parent":206,"menu_order":9,"comment_status":"closed","ping_status":"closed","template":"","meta":{"footnotes":""},"class_list":["post-240","page","type-page","status-publish","hentry"],"_links":{"self":[{"href":"https:\/\/www.geschiedenismelderslo.nl\/wordpress\/wp-json\/wp\/v2\/pages\/240","targetHints":{"allow":["GET"]}}],"collection":[{"href":"https:\/\/www.geschiedenismelderslo.nl\/wordpress\/wp-json\/wp\/v2\/pages"}],"about":[{"href":"https:\/\/www.geschiedenismelderslo.nl\/wordpress\/wp-json\/wp\/v2\/types\/page"}],"author":[{"embeddable":true,"href":"https:\/\/www.geschiedenismelderslo.nl\/wordpress\/wp-json\/wp\/v2\/users\/2"}],"replies":[{"embeddable":true,"href":"https:\/\/www.geschiedenismelderslo.nl\/wordpress\/wp-json\/wp\/v2\/comments?post=240"}],"version-history":[{"count":5,"href":"https:\/\/www.geschiedenismelderslo.nl\/wordpress\/wp-json\/wp\/v2\/pages\/240\/revisions"}],"predecessor-version":[{"id":245,"href":"https:\/\/www.geschiedenismelderslo.nl\/wordpress\/wp-json\/wp\/v2\/pages\/240\/revisions\/245"}],"up":[{"embeddable":true,"href":"https:\/\/www.geschiedenismelderslo.nl\/wordpress\/wp-json\/wp\/v2\/pages\/206"}],"wp:attachment":[{"href":"https:\/\/www.geschiedenismelderslo.nl\/wordpress\/wp-json\/wp\/v2\/media?parent=240"}],"curies":[{"name":"wp","href":"https:\/\/api.w.org\/{rel}","templated":true}]}}